{"id":76,"date":"2017-05-11T22:51:11","date_gmt":"2017-05-11T22:51:11","guid":{"rendered":"http:\/\/laescafandraplayback.com\/?page_id=76"},"modified":"2017-05-11T22:51:11","modified_gmt":"2017-05-11T22:51:11","slug":"andrea-sandoval","status":"publish","type":"page","link":"https:\/\/andreasandovalz.com\/index.php\/andrea-sandoval\/","title":{"rendered":"Andrea Sandoval"},"content":{"rendered":"<p>Egresada de la Lic. en Actuaci\u00f3n por la Escuela Nacional de Arte Teatral- INBA en 2001. Desde hace m\u00e1s de 10 a\u00f1os ha participado en m\u00e1s de 20 puestas en escena como actriz, asistente de direcci\u00f3n y realizando producci\u00f3n ejecutiva.<\/p>\n<p>Curs\u00f3 el Diplomado Internacional en Psicodrama y Sociometr\u00eda en la Escuela Mexicana de Psicodrama y Sociometr\u00eda en la Ciudad de M\u00e9xico. En 2014 se gradu\u00f3 del Centre for Playback Theatre; siendo la primera y hasta la fecha \u00fanica mexicana en contar con una certificaci\u00f3n por el Centro. En 2016 es reconocida como Accredited Trainer (entrenadora certificada) por el Centre for Playback Theatre.<\/p>\n<p>Miembro de La Escafandra Ensamble Teatral Playback desde su fundaci\u00f3n y su Directora Art\u00edstica durante 6 a\u00f1os. Fundadora y Directora Art\u00edstica de Anahata Teatro Playback. Forma parte del Comit\u00e9 Organizador de la Red Mexicana de Teatro Espont\u00e1neo y Teatro Playback. Ha realizado sesiones, talleres y seminarios de Teatro Playback con: instituciones, empresas, asociaciones, fundaciones y asesor\u00edas de la t\u00e9cnica con otros compa\u00f1\u00edas en M\u00e9xico, Cuba, Toronto. Desde 2018 forma parte de la Mesa Directiva de la Red Internacional de Teatro Playback (IPTN).<\/p>\n<p><img loading=\"lazy\" decoding=\"async\" class=\"wp-image-102 aligncenter\" src=\"http:\/\/laescafandraplayback.com\/wp-content\/uploads\/2017\/05\/12552945_10153355765448730_1722041811226364008_n.jpg\" alt=\"\" width=\"434\" height=\"434\" \/><\/p>\n<hr \/>\n<p>Graduated with a degree in Acting from the National School of Drama (ENAT-INBA) in 2001. For more than 10 years she has participated in more than 20 productions as actress, assistant director and in executive production.<\/p>\n<p>Attended to the Mexican School of Psychodrama and Sociometry. In 2014 she graduated from the Center for Playback Theater. Being the first and to date only Mexican in having a certification by the Center. In 2016 she is recognized as Accredited Trainer by the Center for Playback Theater.<\/p>\n<p>Member of La Escafandra Ensamble Teatral Playback since its foundation and its Artistic Director for 6 years. Founder and Artistic Director of Anahata Playback Theater. Board member of the Mexican Network of Spontaneous Theater and Playback Theater. Member of the International Training Committee of the Centre for Playback Theatre.<\/p>\n<p>Has performed sessions, workshops and seminars of Playback Theater; with institutions, companies, associations, foundations and technical consultancies with other companies in Mexico, Cuba, Toronto. Since 2018 she is board member of the International Playback Theatre Network (IPTN).<\/p>\n","protected":false},"excerpt":{"rendered":"<p>Egresada de la Lic. en Actuaci\u00f3n por la Escuela Nacional de Arte Teatral- INBA en 2001. Desde hace m\u00e1s de 10 a\u00f1os ha participado en m\u00e1s de 20 puestas en escena como actriz, asistente de direcci\u00f3n y realizando producci\u00f3n ejecutiva. Curs\u00f3 el Diplomado Internacional en Psicodrama y Sociometr\u00eda en la Escuela Mexicana de Psicodrama y [&hellip;]<\/p>\n","protected":false},"author":1,"featured_media":102,"parent":0,"menu_order":0,"comment_status":"closed","ping_status":"closed","template":"template-fullwidth.php","meta":{"footnotes":""},"class_list":["post-76","page","type-page","status-publish","has-post-thumbnail","hentry"],"yoast_head":"<!-- This site is optimized with the Yoast SEO plugin v24.5 - https:\/\/yoast.com\/wordpress\/plugins\/seo\/ -->\n<title>Andrea Sandoval - Andrea Sandoval<\/title>\n<meta name=\"robots\" content=\"index, follow, max-snippet:-1, max-image-preview:large, max-video-preview:-1\" \/>\n<link rel=\"canonical\" href=\"https:\/\/andreasandovalz.com\/index.php\/andrea-sandoval\/\" \/>\n<meta property=\"og:locale\" content=\"en_US\" \/>\n<meta property=\"og:type\" content=\"article\" \/>\n<meta property=\"og:title\" content=\"Andrea Sandoval - Andrea Sandoval\" \/>\n<meta property=\"og:description\" content=\"Egresada de la Lic. en Actuaci\u00f3n por la Escuela Nacional de Arte Teatral- INBA en 2001. Desde hace m\u00e1s de 10 a\u00f1os ha participado en m\u00e1s de 20 puestas en escena como actriz, asistente de direcci\u00f3n y realizando producci\u00f3n ejecutiva. Curs\u00f3 el Diplomado Internacional en Psicodrama y Sociometr\u00eda en la Escuela Mexicana de Psicodrama y [&hellip;]\" \/>\n<meta property=\"og:url\" content=\"https:\/\/andreasandovalz.com\/index.php\/andrea-sandoval\/\" \/>\n<meta property=\"og:site_name\" content=\"Andrea Sandoval\" \/>\n<meta name=\"twitter:card\" content=\"summary_large_image\" \/>\n<meta name=\"twitter:label1\" content=\"Est. reading time\" \/>\n\t<meta name=\"twitter:data1\" content=\"2 minutes\" \/>\n<script type=\"application\/ld+json\" class=\"yoast-schema-graph\">{\"@context\":\"https:\/\/schema.org\",\"@graph\":[{\"@type\":\"WebPage\",\"@id\":\"https:\/\/andreasandovalz.com\/index.php\/andrea-sandoval\/\",\"url\":\"https:\/\/andreasandovalz.com\/index.php\/andrea-sandoval\/\",\"name\":\"Andrea Sandoval - Andrea Sandoval\",\"isPartOf\":{\"@id\":\"https:\/\/andreasandovalz.com\/#website\"},\"primaryImageOfPage\":{\"@id\":\"https:\/\/andreasandovalz.com\/index.php\/andrea-sandoval\/#primaryimage\"},\"image\":{\"@id\":\"https:\/\/andreasandovalz.com\/index.php\/andrea-sandoval\/#primaryimage\"},\"thumbnailUrl\":\"\",\"datePublished\":\"2017-05-11T22:51:11+00:00\",\"breadcrumb\":{\"@id\":\"https:\/\/andreasandovalz.com\/index.php\/andrea-sandoval\/#breadcrumb\"},\"inLanguage\":\"en-US\",\"potentialAction\":[{\"@type\":\"ReadAction\",\"target\":[\"https:\/\/andreasandovalz.com\/index.php\/andrea-sandoval\/\"]}]},{\"@type\":\"ImageObject\",\"inLanguage\":\"en-US\",\"@id\":\"https:\/\/andreasandovalz.com\/index.php\/andrea-sandoval\/#primaryimage\",\"url\":\"\",\"contentUrl\":\"\"},{\"@type\":\"BreadcrumbList\",\"@id\":\"https:\/\/andreasandovalz.com\/index.php\/andrea-sandoval\/#breadcrumb\",\"itemListElement\":[{\"@type\":\"ListItem\",\"position\":1,\"name\":\"Home\",\"item\":\"https:\/\/andreasandovalz.com\/\"},{\"@type\":\"ListItem\",\"position\":2,\"name\":\"Andrea Sandoval\"}]},{\"@type\":\"WebSite\",\"@id\":\"https:\/\/andreasandovalz.com\/#website\",\"url\":\"https:\/\/andreasandovalz.com\/\",\"name\":\"Andrea Sandoval\",\"description\":\"\",\"potentialAction\":[{\"@type\":\"SearchAction\",\"target\":{\"@type\":\"EntryPoint\",\"urlTemplate\":\"https:\/\/andreasandovalz.com\/?s={search_term_string}\"},\"query-input\":{\"@type\":\"PropertyValueSpecification\",\"valueRequired\":true,\"valueName\":\"search_term_string\"}}],\"inLanguage\":\"en-US\"}]}<\/script>\n<!-- \/ Yoast SEO plugin. -->","yoast_head_json":{"title":"Andrea Sandoval - Andrea Sandoval","robots":{"index":"index","follow":"follow","max-snippet":"max-snippet:-1","max-image-preview":"max-image-preview:large","max-video-preview":"max-video-preview:-1"},"canonical":"https:\/\/andreasandovalz.com\/index.php\/andrea-sandoval\/","og_locale":"en_US","og_type":"article","og_title":"Andrea Sandoval - Andrea Sandoval","og_description":"Egresada de la Lic. en Actuaci\u00f3n por la Escuela Nacional de Arte Teatral- INBA en 2001. Desde hace m\u00e1s de 10 a\u00f1os ha participado en m\u00e1s de 20 puestas en escena como actriz, asistente de direcci\u00f3n y realizando producci\u00f3n ejecutiva. Curs\u00f3 el Diplomado Internacional en Psicodrama y Sociometr\u00eda en la Escuela Mexicana de Psicodrama y [&hellip;]","og_url":"https:\/\/andreasandovalz.com\/index.php\/andrea-sandoval\/","og_site_name":"Andrea Sandoval","twitter_card":"summary_large_image","twitter_misc":{"Est. reading time":"2 minutes"},"schema":{"@context":"https:\/\/schema.org","@graph":[{"@type":"WebPage","@id":"https:\/\/andreasandovalz.com\/index.php\/andrea-sandoval\/","url":"https:\/\/andreasandovalz.com\/index.php\/andrea-sandoval\/","name":"Andrea Sandoval - Andrea Sandoval","isPartOf":{"@id":"https:\/\/andreasandovalz.com\/#website"},"primaryImageOfPage":{"@id":"https:\/\/andreasandovalz.com\/index.php\/andrea-sandoval\/#primaryimage"},"image":{"@id":"https:\/\/andreasandovalz.com\/index.php\/andrea-sandoval\/#primaryimage"},"thumbnailUrl":"","datePublished":"2017-05-11T22:51:11+00:00","breadcrumb":{"@id":"https:\/\/andreasandovalz.com\/index.php\/andrea-sandoval\/#breadcrumb"},"inLanguage":"en-US","potentialAction":[{"@type":"ReadAction","target":["https:\/\/andreasandovalz.com\/index.php\/andrea-sandoval\/"]}]},{"@type":"ImageObject","inLanguage":"en-US","@id":"https:\/\/andreasandovalz.com\/index.php\/andrea-sandoval\/#primaryimage","url":"","contentUrl":""},{"@type":"BreadcrumbList","@id":"https:\/\/andreasandovalz.com\/index.php\/andrea-sandoval\/#breadcrumb","itemListElement":[{"@type":"ListItem","position":1,"name":"Home","item":"https:\/\/andreasandovalz.com\/"},{"@type":"ListItem","position":2,"name":"Andrea Sandoval"}]},{"@type":"WebSite","@id":"https:\/\/andreasandovalz.com\/#website","url":"https:\/\/andreasandovalz.com\/","name":"Andrea Sandoval","description":"","potentialAction":[{"@type":"SearchAction","target":{"@type":"EntryPoint","urlTemplate":"https:\/\/andreasandovalz.com\/?s={search_term_string}"},"query-input":{"@type":"PropertyValueSpecification","valueRequired":true,"valueName":"search_term_string"}}],"inLanguage":"en-US"}]}},"_links":{"self":[{"href":"https:\/\/andreasandovalz.com\/index.php\/wp-json\/wp\/v2\/pages\/76","targetHints":{"allow":["GET"]}}],"collection":[{"href":"https:\/\/andreasandovalz.com\/index.php\/wp-json\/wp\/v2\/pages"}],"about":[{"href":"https:\/\/andreasandovalz.com\/index.php\/wp-json\/wp\/v2\/types\/page"}],"author":[{"embeddable":true,"href":"https:\/\/andreasandovalz.com\/index.php\/wp-json\/wp\/v2\/users\/1"}],"replies":[{"embeddable":true,"href":"https:\/\/andreasandovalz.com\/index.php\/wp-json\/wp\/v2\/comments?post=76"}],"version-history":[{"count":0,"href":"https:\/\/andreasandovalz.com\/index.php\/wp-json\/wp\/v2\/pages\/76\/revisions"}],"wp:featuredmedia":[{"embeddable":true,"href":"https:\/\/andreasandovalz.com\/index.php\/wp-json\/"}],"wp:attachment":[{"href":"https:\/\/andreasandovalz.com\/index.php\/wp-json\/wp\/v2\/media?parent=76"}],"curies":[{"name":"wp","href":"https:\/\/api.w.org\/{rel}","templated":true}]}}