{"id":8,"date":"2017-03-13T20:34:37","date_gmt":"2017-03-13T20:34:37","guid":{"rendered":"http:\/\/laescafandraplayback.com\/?page_id=2"},"modified":"2017-03-13T20:34:37","modified_gmt":"2017-03-13T20:34:37","slug":"inicio","status":"publish","type":"page","link":"https:\/\/andreasandovalz.com\/index.php\/inicio\/","title":{"rendered":""},"content":{"rendered":"<h4><img loading=\"lazy\" decoding=\"async\" class=\"size-full wp-image-58 aligncenter\" src=\"http:\/\/laescafandraplayback.com\/wp-content\/uploads\/2017\/03\/playback-cna.jpg\" alt=\"\" width=\"640\" height=\"426\" \/><\/h4>\n<h1 style=\"text-align: center;\">El Teatro Playback es una t\u00e9cnica de improvisaci\u00f3n teatral basada en las historias personales que la audiencia cuenta durante una funci\u00f3n.<\/h1>\n<p style=\"text-align: center;\"><a href=\"http:\/\/laescafandraplayback.com\/about\/\">Leer m\u00e1s &gt;&gt;<\/a><\/p>\n","protected":false},"excerpt":{"rendered":"<p>El Teatro Playback es una t\u00e9cnica de improvisaci\u00f3n teatral basada en las historias personales que la audiencia cuenta durante una funci\u00f3n. Leer m\u00e1s &gt;&gt;<\/p>\n","protected":false},"author":1,"featured_media":0,"parent":0,"menu_order":0,"comment_status":"closed","ping_status":"closed","template":"template-fullwidth.php","meta":{"footnotes":""},"class_list":["post-8","page","type-page","status-publish","hentry"],"yoast_head":"<!-- This site is optimized with the Yoast SEO plugin v24.5 - https:\/\/yoast.com\/wordpress\/plugins\/seo\/ -->\n<title>- Andrea Sandoval<\/title>\n<meta name=\"robots\" content=\"index, follow, max-snippet:-1, max-image-preview:large, max-video-preview:-1\" \/>\n<link rel=\"canonical\" href=\"https:\/\/andreasandovalz.com\/index.php\/inicio\/\" \/>\n<meta property=\"og:locale\" content=\"en_US\" \/>\n<meta property=\"og:type\" content=\"article\" \/>\n<meta property=\"og:title\" content=\"- Andrea Sandoval\" \/>\n<meta property=\"og:description\" content=\"El Teatro Playback es una t\u00e9cnica de improvisaci\u00f3n teatral basada en las historias personales que la audiencia cuenta durante una funci\u00f3n. Leer m\u00e1s &gt;&gt;\" \/>\n<meta property=\"og:url\" content=\"https:\/\/andreasandovalz.com\/index.php\/inicio\/\" \/>\n<meta property=\"og:site_name\" content=\"Andrea Sandoval\" \/>\n<meta name=\"twitter:card\" content=\"summary_large_image\" \/>\n<script type=\"application\/ld+json\" class=\"yoast-schema-graph\">{\"@context\":\"https:\/\/schema.org\",\"@graph\":[{\"@type\":\"WebPage\",\"@id\":\"https:\/\/andreasandovalz.com\/index.php\/inicio\/\",\"url\":\"https:\/\/andreasandovalz.com\/index.php\/inicio\/\",\"name\":\"- Andrea Sandoval\",\"isPartOf\":{\"@id\":\"https:\/\/andreasandovalz.com\/#website\"},\"primaryImageOfPage\":{\"@id\":\"https:\/\/andreasandovalz.com\/index.php\/inicio\/#primaryimage\"},\"image\":{\"@id\":\"https:\/\/andreasandovalz.com\/index.php\/inicio\/#primaryimage\"},\"thumbnailUrl\":\"http:\/\/laescafandraplayback.com\/wp-content\/uploads\/2017\/03\/playback-cna.jpg\",\"datePublished\":\"2017-03-13T20:34:37+00:00\",\"inLanguage\":\"en-US\",\"potentialAction\":[{\"@type\":\"ReadAction\",\"target\":[\"https:\/\/andreasandovalz.com\/index.php\/inicio\/\"]}]},{\"@type\":\"ImageObject\",\"inLanguage\":\"en-US\",\"@id\":\"https:\/\/andreasandovalz.com\/index.php\/inicio\/#primaryimage\",\"url\":\"http:\/\/laescafandraplayback.com\/wp-content\/uploads\/2017\/03\/playback-cna.jpg\",\"contentUrl\":\"http:\/\/laescafandraplayback.com\/wp-content\/uploads\/2017\/03\/playback-cna.jpg\"},{\"@type\":\"WebSite\",\"@id\":\"https:\/\/andreasandovalz.com\/#website\",\"url\":\"https:\/\/andreasandovalz.com\/\",\"name\":\"Andrea Sandoval\",\"description\":\"\",\"potentialAction\":[{\"@type\":\"SearchAction\",\"target\":{\"@type\":\"EntryPoint\",\"urlTemplate\":\"https:\/\/andreasandovalz.com\/?s={search_term_string}\"},\"query-input\":{\"@type\":\"PropertyValueSpecification\",\"valueRequired\":true,\"valueName\":\"search_term_string\"}}],\"inLanguage\":\"en-US\"}]}<\/script>\n<!-- \/ Yoast SEO plugin. -->","yoast_head_json":{"title":"- Andrea Sandoval","robots":{"index":"index","follow":"follow","max-snippet":"max-snippet:-1","max-image-preview":"max-image-preview:large","max-video-preview":"max-video-preview:-1"},"canonical":"https:\/\/andreasandovalz.com\/index.php\/inicio\/","og_locale":"en_US","og_type":"article","og_title":"- Andrea Sandoval","og_description":"El Teatro Playback es una t\u00e9cnica de improvisaci\u00f3n teatral basada en las historias personales que la audiencia cuenta durante una funci\u00f3n. Leer m\u00e1s &gt;&gt;","og_url":"https:\/\/andreasandovalz.com\/index.php\/inicio\/","og_site_name":"Andrea Sandoval","twitter_card":"summary_large_image","schema":{"@context":"https:\/\/schema.org","@graph":[{"@type":"WebPage","@id":"https:\/\/andreasandovalz.com\/index.php\/inicio\/","url":"https:\/\/andreasandovalz.com\/index.php\/inicio\/","name":"- Andrea Sandoval","isPartOf":{"@id":"https:\/\/andreasandovalz.com\/#website"},"primaryImageOfPage":{"@id":"https:\/\/andreasandovalz.com\/index.php\/inicio\/#primaryimage"},"image":{"@id":"https:\/\/andreasandovalz.com\/index.php\/inicio\/#primaryimage"},"thumbnailUrl":"http:\/\/laescafandraplayback.com\/wp-content\/uploads\/2017\/03\/playback-cna.jpg","datePublished":"2017-03-13T20:34:37+00:00","inLanguage":"en-US","potentialAction":[{"@type":"ReadAction","target":["https:\/\/andreasandovalz.com\/index.php\/inicio\/"]}]},{"@type":"ImageObject","inLanguage":"en-US","@id":"https:\/\/andreasandovalz.com\/index.php\/inicio\/#primaryimage","url":"http:\/\/laescafandraplayback.com\/wp-content\/uploads\/2017\/03\/playback-cna.jpg","contentUrl":"http:\/\/laescafandraplayback.com\/wp-content\/uploads\/2017\/03\/playback-cna.jpg"},{"@type":"WebSite","@id":"https:\/\/andreasandovalz.com\/#website","url":"https:\/\/andreasandovalz.com\/","name":"Andrea Sandoval","description":"","potentialAction":[{"@type":"SearchAction","target":{"@type":"EntryPoint","urlTemplate":"https:\/\/andreasandovalz.com\/?s={search_term_string}"},"query-input":{"@type":"PropertyValueSpecification","valueRequired":true,"valueName":"search_term_string"}}],"inLanguage":"en-US"}]}},"_links":{"self":[{"href":"https:\/\/andreasandovalz.com\/index.php\/wp-json\/wp\/v2\/pages\/8","targetHints":{"allow":["GET"]}}],"collection":[{"href":"https:\/\/andreasandovalz.com\/index.php\/wp-json\/wp\/v2\/pages"}],"about":[{"href":"https:\/\/andreasandovalz.com\/index.php\/wp-json\/wp\/v2\/types\/page"}],"author":[{"embeddable":true,"href":"https:\/\/andreasandovalz.com\/index.php\/wp-json\/wp\/v2\/users\/1"}],"replies":[{"embeddable":true,"href":"https:\/\/andreasandovalz.com\/index.php\/wp-json\/wp\/v2\/comments?post=8"}],"version-history":[{"count":0,"href":"https:\/\/andreasandovalz.com\/index.php\/wp-json\/wp\/v2\/pages\/8\/revisions"}],"wp:attachment":[{"href":"https:\/\/andreasandovalz.com\/index.php\/wp-json\/wp\/v2\/media?parent=8"}],"curies":[{"name":"wp","href":"https:\/\/api.w.org\/{rel}","templated":true}]}}